{"id":25,"date":"2012-11-18T12:23:30","date_gmt":"2012-11-18T12:23:30","guid":{"rendered":"http:\/\/kaegi.org\/?page_id=25"},"modified":"2013-09-18T15:23:41","modified_gmt":"2013-09-18T15:23:41","slug":"kinderbuch","status":"publish","type":"page","link":"https:\/\/kaegi-family.ch\/?page_id=25","title":{"rendered":"Kinderbuch"},"content":{"rendered":"<p><strong>Kinderbuch Nr. 1 &#8211; Der vermisste Knuddelb\u00e4r<\/strong><\/p>\n<p><a href=\"http:\/\/kaegi-family.ch\/Der-vermisste-Knuddelbaer.pdf\"><img decoding=\"async\" class=\"alignnone  wp-image-36\" title=\"deckblatt\" alt=\"\" src=\"http:\/\/kaegi-family.ch\/wp-content\/uploads\/deckblatt-300x218.jpg\" \/><\/a><br \/>\nauf Bild klicken und mit Mausr\u00e4dchen bl\u00e4ttern<\/p>\n<p>Viel Spass beim Lesen w\u00fcnschen Charlotte Bachmann und Hans Walter K\u00e4gi<\/p>\n","protected":false},"excerpt":{"rendered":"<p>Kinderbuch Nr. 1 &#8211; Der vermisste Knuddelb\u00e4r auf Bild klicken und mit Mausr\u00e4dchen bl\u00e4ttern Viel Spass beim Lesen w\u00fcnschen Charlotte Bachmann und Hans Walter K\u00e4gi<\/p>\n","protected":false},"author":1,"featured_media":0,"parent":0,"menu_order":5,"comment_status":"closed","ping_status":"closed","template":"","meta":{"footnotes":""},"class_list":["post-25","page","type-page","status-publish","hentry"],"_links":{"self":[{"href":"https:\/\/kaegi-family.ch\/index.php?rest_route=\/wp\/v2\/pages\/25","targetHints":{"allow":["GET"]}}],"collection":[{"href":"https:\/\/kaegi-family.ch\/index.php?rest_route=\/wp\/v2\/pages"}],"about":[{"href":"https:\/\/kaegi-family.ch\/index.php?rest_route=\/wp\/v2\/types\/page"}],"author":[{"embeddable":true,"href":"https:\/\/kaegi-family.ch\/index.php?rest_route=\/wp\/v2\/users\/1"}],"replies":[{"embeddable":true,"href":"https:\/\/kaegi-family.ch\/index.php?rest_route=%2Fwp%2Fv2%2Fcomments&post=25"}],"version-history":[{"count":1,"href":"https:\/\/kaegi-family.ch\/index.php?rest_route=\/wp\/v2\/pages\/25\/revisions"}],"predecessor-version":[{"id":66,"href":"https:\/\/kaegi-family.ch\/index.php?rest_route=\/wp\/v2\/pages\/25\/revisions\/66"}],"wp:attachment":[{"href":"https:\/\/kaegi-family.ch\/index.php?rest_route=%2Fwp%2Fv2%2Fmedia&parent=25"}],"curies":[{"name":"wp","href":"https:\/\/api.w.org\/{rel}","templated":true}]}}