{"id":6,"date":"2011-02-05T11:50:03","date_gmt":"2011-02-05T11:50:03","guid":{"rendered":"http:\/\/kaegi.org\/?page_id=2"},"modified":"2018-02-13T18:30:01","modified_gmt":"2018-02-13T18:30:01","slug":"eine-seite","status":"publish","type":"page","link":"https:\/\/kaegi-family.ch\/?page_id=6","title":{"rendered":"Erinnerungen"},"content":{"rendered":"<p>Liebe Surferin, lieber Surfer<\/p>\n<p>Lesen Sie gerne Kurzgeschichten? Geschichten aus dem Alltag, Geschichten aus vergangenen Tagen?<\/p>\n<p>Eigentlich hatte ich urspr\u00fcnglich geplant, einen Strauss von Erlebnissen aus meiner Kindheit und Jugendzeit ausschliesslich f\u00fcr meine Angeh\u00f6rigen zu verfassen. Leser \u00e4usserten dann aber den Wunsch, die Geschichten einem weiteren Personenkreis zug\u00e4nglich zu machen. So finden Sie denn hier meine Erinnerungen an die Zeit von 1945 bis 1965, die ich in Wolfhausen (Gemeinde Bubikon) im Z\u00fcrcher Oberland verbracht habe.<\/p>\n<p>Sie k\u00f6nnen die Geschichten kostenlos und unverbindlich als PDF herunterladen und auf Wunsch auch ausdrucken.<\/p>\n<p><a href=\"http:\/\/kaegi-family.ch\/wp-content\/uploads\/2018\/02\/Hnas-Ch\u00e4gi-Im-Limmattal-Erinnerungen-V-1968-1973.pdf\">Band 5 &#8211; Hans Ch\u00e4gi &#8211; Im Limmattal (PDF)<\/a><\/p>\n<p><a href=\"http:\/\/kaegi-family.ch\/wp-content\/uploads\/2018\/02\/Hnas-Ch\u00e4gi-In-der-Rosenburg-Erinnerungen-IV-1965-1968.pdf\">Band 4 &#8211; Hans Ch\u00e4gi &#8211; In der Rosenburg (PDF)<\/a><\/p>\n<p><a href=\"http:\/\/kaegi-family.ch\/wp-content\/uploads\/2018\/02\/Hans-Ch\u00e4gi-Im-H\u00fcebli-Erinnerungen-III-1961-1965.pdf\">Band 3 &#8211; Hans Ch\u00e4gi &#8211; Im H\u00fcebli (PDF)<\/a><\/p>\n<p><a href=\"http:\/\/kaegi-family.ch\/wp-content\/uploads\/2018\/02\/Hans-Ch\u00e4gi-Im-Blumenberg-Erinnerungen-II-1955-1961.pdf\">Band 2 &#8211; Hans Ch\u00e4gi &#8211; Im Blumenberg (PDF)<\/a><\/p>\n<p><a href=\"http:\/\/kaegi-family.ch\/wp-content\/uploads\/2018\/02\/Hans-Ch\u00e4gi-Im-Br\u00e4ndliacker-Erinnerungen-I-1945-1955.pdf\">Band 1 &#8211; Hans Ch\u00e4gi &#8211; Im Br\u00e4ndliacker (PDF)<\/a><\/p>\n<p>Ich w\u00fcnsche Ihnen beim Lesen viel Vergn\u00fcgen und freue mich \u00fcber jeden Kommentar.<\/p>\n<p><strong>Hans W. K\u00e4gi<\/strong><\/p>\n","protected":false},"excerpt":{"rendered":"<p>Liebe Surferin, lieber Surfer Lesen Sie gerne Kurzgeschichten? Geschichten aus dem Alltag, Geschichten aus vergangenen Tagen? Eigentlich hatte ich urspr\u00fcnglich geplant, einen Strauss von Erlebnissen aus meiner Kindheit und Jugendzeit ausschliesslich f\u00fcr meine Angeh\u00f6rigen zu verfassen. Leser \u00e4usserten dann aber &hellip; <a href=\"https:\/\/kaegi-family.ch\/?page_id=6\">Weiterlesen <span class=\"meta-nav\">&rarr;<\/span><\/a><\/p>\n","protected":false},"author":1,"featured_media":0,"parent":0,"menu_order":3,"comment_status":"open","ping_status":"closed","template":"","meta":{"footnotes":""},"class_list":["post-6","page","type-page","status-publish","hentry"],"_links":{"self":[{"href":"https:\/\/kaegi-family.ch\/index.php?rest_route=\/wp\/v2\/pages\/6","targetHints":{"allow":["GET"]}}],"collection":[{"href":"https:\/\/kaegi-family.ch\/index.php?rest_route=\/wp\/v2\/pages"}],"about":[{"href":"https:\/\/kaegi-family.ch\/index.php?rest_route=\/wp\/v2\/types\/page"}],"author":[{"embeddable":true,"href":"https:\/\/kaegi-family.ch\/index.php?rest_route=\/wp\/v2\/users\/1"}],"replies":[{"embeddable":true,"href":"https:\/\/kaegi-family.ch\/index.php?rest_route=%2Fwp%2Fv2%2Fcomments&post=6"}],"version-history":[{"count":6,"href":"https:\/\/kaegi-family.ch\/index.php?rest_route=\/wp\/v2\/pages\/6\/revisions"}],"predecessor-version":[{"id":93,"href":"https:\/\/kaegi-family.ch\/index.php?rest_route=\/wp\/v2\/pages\/6\/revisions\/93"}],"wp:attachment":[{"href":"https:\/\/kaegi-family.ch\/index.php?rest_route=%2Fwp%2Fv2%2Fmedia&parent=6"}],"curies":[{"name":"wp","href":"https:\/\/api.w.org\/{rel}","templated":true}]}}